{"id":30,"date":"2022-07-27T01:45:27","date_gmt":"2022-07-27T01:45:27","guid":{"rendered":"https:\/\/micasaresourcecenter.org\/?page_id=30"},"modified":"2025-01-29T17:39:07","modified_gmt":"2025-01-30T00:39:07","slug":"our-impact","status":"publish","type":"page","link":"https:\/\/micasaresourcecenter.org\/es\/our-impact\/","title":{"rendered":"Nuestro impacto"},"content":{"rendered":"<div data-elementor-type=\"wp-page\" data-elementor-id=\"30\" class=\"elementor elementor-30\" data-elementor-post-type=\"page\">\n\t\t\t\t\t\t<section class=\"elementor-section elementor-top-section elementor-element elementor-element-46c59c8 elementor-reverse-tablet elementor-section-boxed elementor-section-height-default elementor-section-height-default\" data-id=\"46c59c8\" data-element_type=\"section\" data-e-type=\"section\">\n\t\t\t\t\t\t<div class=\"elementor-container elementor-column-gap-no\">\n\t\t\t\t\t<div class=\"elementor-column elementor-col-50 elementor-top-column elementor-element elementor-element-6e4bfea\" data-id=\"6e4bfea\" data-element_type=\"column\" data-e-type=\"column\" data-settings=\"{&quot;background_background&quot;:&quot;gradient&quot;}\">\n\t\t\t<div class=\"elementor-widget-wrap elementor-element-populated\">\n\t\t\t\t\t<div class=\"elementor-background-overlay\"><\/div>\n\t\t\t\t\t\t<div class=\"elementor-element elementor-element-93672a1 elementor-widget elementor-widget-image\" data-id=\"93672a1\" data-element_type=\"widget\" data-e-type=\"widget\" data-widget_type=\"image.default\">\n\t\t\t\t<div class=\"elementor-widget-container\">\n\t\t\t\t\t\t\t\t\t\t\t\t\t\t\t<img fetchpriority=\"high\" decoding=\"async\" width=\"1024\" height=\"526\" src=\"https:\/\/micasaresourcecenter.org\/wp-content\/uploads\/2022\/09\/img-our-story-1976-Enhanced-Colorized-1024x526.jpg\" class=\"attachment-large size-large wp-image-4872\" alt=\"\" srcset=\"https:\/\/micasaresourcecenter.org\/wp-content\/uploads\/2022\/09\/img-our-story-1976-Enhanced-Colorized-1024x526.jpg 1024w, https:\/\/micasaresourcecenter.org\/wp-content\/uploads\/2022\/09\/img-our-story-1976-Enhanced-Colorized-300x154.jpg 300w, https:\/\/micasaresourcecenter.org\/wp-content\/uploads\/2022\/09\/img-our-story-1976-Enhanced-Colorized-768x395.jpg 768w, https:\/\/micasaresourcecenter.org\/wp-content\/uploads\/2022\/09\/img-our-story-1976-Enhanced-Colorized-1536x789.jpg 1536w, https:\/\/micasaresourcecenter.org\/wp-content\/uploads\/2022\/09\/img-our-story-1976-Enhanced-Colorized-2048x1052.jpg 2048w, https:\/\/micasaresourcecenter.org\/wp-content\/uploads\/2022\/09\/img-our-story-1976-Enhanced-Colorized-1320x678.jpg 1320w, https:\/\/micasaresourcecenter.org\/wp-content\/uploads\/2022\/09\/img-our-story-1976-Enhanced-Colorized-600x308.jpg 600w\" sizes=\"(max-width: 1024px) 100vw, 1024px\" \/>\t\t\t\t\t\t\t\t\t\t\t\t\t\t\t<\/div>\n\t\t\t\t<\/div>\n\t\t\t\t\t<\/div>\n\t\t<\/div>\n\t\t\t\t<div class=\"elementor-column elementor-col-50 elementor-top-column elementor-element elementor-element-1b275f4\" data-id=\"1b275f4\" data-element_type=\"column\" data-e-type=\"column\">\n\t\t\t<div class=\"elementor-widget-wrap elementor-element-populated\">\n\t\t\t\t\t\t<div class=\"elementor-element elementor-element-ed03254 elementor-widget elementor-widget-heading\" data-id=\"ed03254\" data-element_type=\"widget\" data-e-type=\"widget\" data-widget_type=\"heading.default\">\n\t\t\t\t<div class=\"elementor-widget-container\">\n\t\t\t\t\t<h4 class=\"elementor-heading-title elementor-size-default\">We are advancing economic prosperity of the community and believe in the potential of the people<\/h4>\t\t\t\t<\/div>\n\t\t\t\t<\/div>\n\t\t\t\t<div class=\"elementor-element elementor-element-ac9af6f elementor-widget elementor-widget-text-editor\" data-id=\"ac9af6f\" data-element_type=\"widget\" data-e-type=\"widget\" data-widget_type=\"text-editor.default\">\n\t\t\t\t<div class=\"elementor-widget-container\">\n\t\t\t\t\t\t\t\t\t<p class=\"MsoNormal\">Mi Casa Resource Center\u00ae se compromete a cerrar la brecha de prosperidad para mujeres, minor\u00edas, inmigrantes y familias con recursos limitados, ayud\u00e1ndoles a alcanzar el \u00e9xito en la educaci\u00f3n, el empleo y la propiedad de negocios. En cada una de estas \u00e1reas de enfoque, hay muchas estad\u00edsticas que indican la necesidad de nuestros servicios. A continuaci\u00f3n, se presentan solo algunas de ellas.<\/p>\t\t\t\t\t\t\t\t<\/div>\n\t\t\t\t<\/div>\n\t\t\t\t\t<\/div>\n\t\t<\/div>\n\t\t\t\t\t<\/div>\n\t\t<\/section>\n\t\t\t\t<section class=\"elementor-section elementor-top-section elementor-element elementor-element-50a0124 elementor-hidden-desktop elementor-hidden-tablet elementor-hidden-mobile elementor-section-boxed elementor-section-height-default elementor-section-height-default\" data-id=\"50a0124\" data-element_type=\"section\" data-e-type=\"section\">\n\t\t\t\t\t\t<div class=\"elementor-container elementor-column-gap-default\">\n\t\t\t\t\t<div class=\"elementor-column elementor-col-33 elementor-top-column elementor-element elementor-element-441f4e8\" data-id=\"441f4e8\" data-element_type=\"column\" data-e-type=\"column\">\n\t\t\t<div class=\"elementor-widget-wrap elementor-element-populated\">\n\t\t\t\t\t\t\t<\/div>\n\t\t<\/div>\n\t\t\t\t<div class=\"elementor-column elementor-col-33 elementor-top-column elementor-element elementor-element-4f5c515\" data-id=\"4f5c515\" data-element_type=\"column\" data-e-type=\"column\">\n\t\t\t<div class=\"elementor-widget-wrap elementor-element-populated\">\n\t\t\t\t\t\t<div class=\"elementor-element elementor-element-a103679 elementor-widget elementor-widget-heading\" data-id=\"a103679\" data-element_type=\"widget\" data-e-type=\"widget\" data-widget_type=\"heading.default\">\n\t\t\t\t<div class=\"elementor-widget-container\">\n\t\t\t\t\t<h3 class=\"elementor-heading-title elementor-size-default\">20%<\/h3>\t\t\t\t<\/div>\n\t\t\t\t<\/div>\n\t\t\t\t<div class=\"elementor-element elementor-element-a5f740a elementor-widget elementor-widget-text-editor\" data-id=\"a5f740a\" data-element_type=\"widget\" data-e-type=\"widget\" data-widget_type=\"text-editor.default\">\n\t\t\t\t<div class=\"elementor-widget-container\">\n\t\t\t\t\t\t\t\t\t<p><strong>20% de los trabajos<\/strong> en Colorado no pagan un salario suficiente para ser autosuficientes.<\/p>\t\t\t\t\t\t\t\t<\/div>\n\t\t\t\t<\/div>\n\t\t\t\t<div class=\"elementor-element elementor-element-a5441b7 elementor-widget elementor-widget-text-editor\" data-id=\"a5441b7\" data-element_type=\"widget\" data-e-type=\"widget\" data-widget_type=\"text-editor.default\">\n\t\t\t\t<div class=\"elementor-widget-container\">\n\t\t\t\t\t\t\t\t\t<p><small>Fuente: Estado del Trabajo en Colorado Edici\u00f3n 2017<\/small><\/p>\t\t\t\t\t\t\t\t<\/div>\n\t\t\t\t<\/div>\n\t\t\t\t\t<\/div>\n\t\t<\/div>\n\t\t\t\t<div class=\"elementor-column elementor-col-33 elementor-top-column elementor-element elementor-element-ff17c89\" data-id=\"ff17c89\" data-element_type=\"column\" data-e-type=\"column\">\n\t\t\t<div class=\"elementor-widget-wrap elementor-element-populated\">\n\t\t\t\t\t\t\t<\/div>\n\t\t<\/div>\n\t\t\t\t\t<\/div>\n\t\t<\/section>\n\t\t\t\t<section class=\"elementor-section elementor-top-section elementor-element elementor-element-f539fb9 elementor-section-boxed elementor-section-height-default elementor-section-height-default\" data-id=\"f539fb9\" data-element_type=\"section\" data-e-type=\"section\">\n\t\t\t\t\t\t<div class=\"elementor-container elementor-column-gap-default\">\n\t\t\t\t\t<div class=\"elementor-column elementor-col-100 elementor-top-column elementor-element elementor-element-0207e8f\" data-id=\"0207e8f\" data-element_type=\"column\" data-e-type=\"column\">\n\t\t\t<div class=\"elementor-widget-wrap elementor-element-populated\">\n\t\t\t\t\t\t<div class=\"elementor-element elementor-element-6679a32 elementor-widget elementor-widget-heading\" data-id=\"6679a32\" data-element_type=\"widget\" data-e-type=\"widget\" data-widget_type=\"heading.default\">\n\t\t\t\t<div class=\"elementor-widget-container\">\n\t\t\t\t\t<h5 class=\"elementor-heading-title elementor-size-default\">Podemos hacer la diferencia juntos.<\/h5>\t\t\t\t<\/div>\n\t\t\t\t<\/div>\n\t\t\t\t\t<\/div>\n\t\t<\/div>\n\t\t\t\t\t<\/div>\n\t\t<\/section>\n\t\t\t\t<section class=\"elementor-section elementor-top-section elementor-element elementor-element-8ad715a elementor-section-boxed elementor-section-height-default elementor-section-height-default\" data-id=\"8ad715a\" data-element_type=\"section\" data-e-type=\"section\">\n\t\t\t\t\t\t<div class=\"elementor-container elementor-column-gap-default\">\n\t\t\t\t\t<div class=\"elementor-column elementor-col-33 elementor-top-column elementor-element elementor-element-efa1b13\" data-id=\"efa1b13\" data-element_type=\"column\" data-e-type=\"column\" data-settings=\"{&quot;background_background&quot;:&quot;classic&quot;}\">\n\t\t\t<div class=\"elementor-widget-wrap elementor-element-populated\">\n\t\t\t\t\t<div class=\"elementor-background-overlay\"><\/div>\n\t\t\t\t\t\t<div class=\"elementor-element elementor-element-8124c47 elementor-widget elementor-widget-text-editor\" data-id=\"8124c47\" data-element_type=\"widget\" data-e-type=\"widget\" data-widget_type=\"text-editor.default\">\n\t\t\t\t<div class=\"elementor-widget-container\">\n\t\t\t\t\t\t\t\t\t<p class=\"MsoNormal\">En promedio, nuestros participantes en programas de carrera ganan un ingreso adicional de $10,000 al a\u00f1o despu\u00e9s de completar nuestra capacitaci\u00f3n.<\/p>\t\t\t\t\t\t\t\t<\/div>\n\t\t\t\t<\/div>\n\t\t\t\t\t<\/div>\n\t\t<\/div>\n\t\t\t\t<div class=\"elementor-column elementor-col-33 elementor-top-column elementor-element elementor-element-705ae3b\" data-id=\"705ae3b\" data-element_type=\"column\" data-e-type=\"column\" data-settings=\"{&quot;background_background&quot;:&quot;classic&quot;}\">\n\t\t\t<div class=\"elementor-widget-wrap elementor-element-populated\">\n\t\t\t\t\t<div class=\"elementor-background-overlay\"><\/div>\n\t\t\t\t\t\t<div class=\"elementor-element elementor-element-be46f4d elementor-widget elementor-widget-text-editor\" data-id=\"be46f4d\" data-element_type=\"widget\" data-e-type=\"widget\" data-widget_type=\"text-editor.default\">\n\t\t\t\t<div class=\"elementor-widget-container\">\n\t\t\t\t\t\t\t\t\t<p class=\"MsoNormal\">83% de los estudiantes atendidos en nuestros programas juveniles aumentaron sus habilidades personales y sociales.<\/p>\t\t\t\t\t\t\t\t<\/div>\n\t\t\t\t<\/div>\n\t\t\t\t\t<\/div>\n\t\t<\/div>\n\t\t\t\t<div class=\"elementor-column elementor-col-33 elementor-top-column elementor-element elementor-element-6ebd234\" data-id=\"6ebd234\" data-element_type=\"column\" data-e-type=\"column\" data-settings=\"{&quot;background_background&quot;:&quot;classic&quot;}\">\n\t\t\t<div class=\"elementor-widget-wrap elementor-element-populated\">\n\t\t\t\t\t<div class=\"elementor-background-overlay\"><\/div>\n\t\t\t\t\t\t<div class=\"elementor-element elementor-element-0970510 elementor-widget elementor-widget-text-editor\" data-id=\"0970510\" data-element_type=\"widget\" data-e-type=\"widget\" data-widget_type=\"text-editor.default\">\n\t\t\t\t<div class=\"elementor-widget-container\">\n\t\t\t\t\t\t\t\t\t<p class=\"MsoNormal\">En 2020, los negocios atendidos por Mi Casa Resource Center\u00ae generaron $39.9 millones en ingresos.<\/p>\t\t\t\t\t\t\t\t<\/div>\n\t\t\t\t<\/div>\n\t\t\t\t\t<\/div>\n\t\t<\/div>\n\t\t\t\t\t<\/div>\n\t\t<\/section>\n\t\t\t\t<section class=\"elementor-section elementor-top-section elementor-element elementor-element-377efd5 elementor-section-boxed elementor-section-height-default elementor-section-height-default\" data-id=\"377efd5\" data-element_type=\"section\" data-e-type=\"section\">\n\t\t\t\t\t\t<div class=\"elementor-container elementor-column-gap-default\">\n\t\t\t\t\t<div class=\"elementor-column elementor-col-100 elementor-top-column elementor-element elementor-element-c3838a9\" data-id=\"c3838a9\" data-element_type=\"column\" data-e-type=\"column\">\n\t\t\t<div class=\"elementor-widget-wrap elementor-element-populated\">\n\t\t\t\t\t\t<div class=\"elementor-element elementor-element-a23ec79 elementor-widget elementor-widget-heading\" data-id=\"a23ec79\" data-element_type=\"widget\" data-e-type=\"widget\" data-widget_type=\"heading.default\">\n\t\t\t\t<div class=\"elementor-widget-container\">\n\t\t\t\t\t<h5 class=\"elementor-heading-title elementor-size-default\">Historias de \u00c9xito<\/h5>\t\t\t\t<\/div>\n\t\t\t\t<\/div>\n\t\t\t\t\t<\/div>\n\t\t<\/div>\n\t\t\t\t\t<\/div>\n\t\t<\/section>\n\t\t\t\t<section class=\"elementor-section elementor-top-section elementor-element elementor-element-d1e8ce9 elementor-reverse-mobile elementor-section-boxed elementor-section-height-default elementor-section-height-default\" data-id=\"d1e8ce9\" data-element_type=\"section\" data-e-type=\"section\">\n\t\t\t\t\t\t<div class=\"elementor-container elementor-column-gap-default\">\n\t\t\t\t\t<div class=\"elementor-column elementor-col-50 elementor-top-column elementor-element elementor-element-7d37b82\" data-id=\"7d37b82\" data-element_type=\"column\" data-e-type=\"column\">\n\t\t\t<div class=\"elementor-widget-wrap elementor-element-populated\">\n\t\t\t\t\t\t<div class=\"elementor-element elementor-element-bcb09f3 elementor-widget elementor-widget-heading\" data-id=\"bcb09f3\" data-element_type=\"widget\" data-e-type=\"widget\" data-widget_type=\"heading.default\">\n\t\t\t\t<div class=\"elementor-widget-container\">\n\t\t\t\t\t<h6 class=\"elementor-heading-title elementor-size-default\">Un estudiante de doctorado utiliza la pandemia como catalizador de invenci\u00f3n; Mi Casa le brinda una mano amiga con ProBoPat<\/h6>\t\t\t\t<\/div>\n\t\t\t\t<\/div>\n\t\t\t\t<div class=\"elementor-element elementor-element-4542a55 elementor-widget elementor-widget-text-editor\" data-id=\"4542a55\" data-element_type=\"widget\" data-e-type=\"widget\" data-widget_type=\"text-editor.default\">\n\t\t\t\t<div class=\"elementor-widget-container\">\n\t\t\t\t\t\t\t\t\t<p class=\"MsoNormal\">Bryan Stringham, quien a menudo se dedica a dise\u00f1ar sensores que informan sobre el impacto social de los productos en \u00c1frica, encontr\u00f3 tiempo para perseguir otro de sus objetivos de vida: inventar.<\/p>\t\t\t\t\t\t\t\t<\/div>\n\t\t\t\t<\/div>\n\t\t\t\t<div class=\"elementor-element elementor-element-f65791c elementor-widget elementor-widget-accordion\" data-id=\"f65791c\" data-element_type=\"widget\" data-e-type=\"widget\" data-widget_type=\"accordion.default\">\n\t\t\t\t<div class=\"elementor-widget-container\">\n\t\t\t\t\t\t\t<div class=\"elementor-accordion\">\n\t\t\t\t\t\t\t<div class=\"elementor-accordion-item\">\n\t\t\t\t\t<div id=\"elementor-tab-title-2581\" class=\"elementor-tab-title\" data-tab=\"1\" role=\"button\" aria-controls=\"elementor-tab-content-2581\" aria-expanded=\"false\">\n\t\t\t\t\t\t\t\t\t\t\t\t\t<span class=\"elementor-accordion-icon elementor-accordion-icon-left\" aria-hidden=\"true\">\n\t\t\t\t\t\t\t\t\t\t\t\t\t\t\t<span class=\"elementor-accordion-icon-closed\"><svg class=\"e-font-icon-svg e-fas-arrow-right\" viewbox=\"0 0 448 512\" xmlns=\"http:\/\/www.w3.org\/2000\/svg\"><path d=\"M190.5 66.9l22.2-22.2c9.4-9.4 24.6-9.4 33.9 0L441 239c9.4 9.4 9.4 24.6 0 33.9L246.6 467.3c-9.4 9.4-24.6 9.4-33.9 0l-22.2-22.2c-9.5-9.5-9.3-25 .4-34.3L311.4 296H24c-13.3 0-24-10.7-24-24v-32c0-13.3 10.7-24 24-24h287.4L190.9 101.2c-9.8-9.3-10-24.8-.4-34.3z\"><\/path><\/svg><\/span>\n\t\t\t\t\t\t\t\t<span class=\"elementor-accordion-icon-opened\"><svg class=\"e-font-icon-svg e-fas-minus\" viewbox=\"0 0 448 512\" xmlns=\"http:\/\/www.w3.org\/2000\/svg\"><path d=\"M416 208H32c-17.67 0-32 14.33-32 32v32c0 17.67 14.33 32 32 32h384c17.67 0 32-14.33 32-32v-32c0-17.67-14.33-32-32-32z\"><\/path><\/svg><\/span>\n\t\t\t\t\t\t\t\t\t\t\t\t\t\t<\/span>\n\t\t\t\t\t\t\t\t\t\t\t\t<a class=\"elementor-accordion-title\" tabindex=\"0\">Contin\u00faa leyendo<\/a>\n\t\t\t\t\t<\/div>\n\t\t\t\t\t<div id=\"elementor-tab-content-2581\" class=\"elementor-tab-content elementor-clearfix\" data-tab=\"1\" role=\"region\" aria-labelledby=\"elementor-tab-title-2581\"><p>Como estudiante de doctorado y padre que vive en un peque\u00f1o apartamento, Bryan Stringham quer\u00eda sacar los juguetes del suelo y proporcionar una forma para que los ni\u00f1os y las familias experimenten la emoci\u00f3n de construir una pista de carreras sin crear desorden. Un d\u00eda, unas semanas despu\u00e9s del inicio de la pandemia, la idea de MagTrax naci\u00f3 (<a href=\"http:\/\/www.magtrax.co\"><span style=\"text-decoration: underline;\">www.magtrax.co<\/span><\/a>es una pista de canicas que utiliza piezas de pista magn\u00e9ticas de 26 variedades diferentes para permitir que creadores de todas las edades, desde ni\u00f1os peque\u00f1os hasta adultos, construyan sus propias pistas de canicas en paredes y refrigeradores.<\/p><p>Con gran determinaci\u00f3n y ayuda del Centro de Recursos Mi Casa de Denver, Bryan tom\u00f3 una idea en marzo de 2020 y tuvo familias de todo Estados Unidos compitiendo con canicas magn\u00e9ticas en noviembre. El programa ProBoPat de Mi Casa estuvo all\u00ed para ayudar a que su visi\u00f3n se convirtiera en realidad. ProBoPat refiere a inventores de bajos ingresos calificados a profesionales voluntarios de patentes para servicios legales de preparaci\u00f3n y prosecuci\u00f3n de patentes de manera pro bono.<\/p><p>Los inventores enfrentan muchas barreras y riesgos, los cuales se intensifican sin respaldo financiero. Los costos de patentes son una barrera real para los inventores de bajos ingresos. Bryan super\u00f3 estos obst\u00e1culos mediante el financiamiento colectivo y el uso de ProBoPat.<\/p><p>Mi Casa\u2019s ProBoPat program is available to low-income inventors in Colorado, Montana, New Mexico, Utah, and Wyoming. ProBoPat is part of Mi Casa\u2019s Business Pathways program, which provides services including business startup training, consulting services, and Business Legal Nights to help inventors develop and grow a business related to their invention. This contributes to the agency\u2019s mission of building financial prosperity for families.<\/p><p>Bryan se enter\u00f3 de ProBoPat a trav\u00e9s de un amigo mientras trabajaba en su maestr\u00eda y guard\u00f3 la informaci\u00f3n hasta que tuvo la idea adecuada. Ese momento lleg\u00f3 no solo cuando estaba obteniendo un doctorado, sino tambi\u00e9n en medio de una pandemia mundial. ProBoPat facilit\u00f3 el proceso de patentes al referir a Bryan a un abogado de patentes voluntario en la firma Lowenstein Sandler (<a href=\"http:\/\/www.lowenstein.com\"><span style=\"text-decoration: underline;\">www.lowenstein.com<\/span><\/a>). El abogado de patentes, Nathan Greene, (<span style=\"text-decoration: underline;\"><a href=\"http:\/\/www.lowenstein.com\/people\/attorneys\/nathan-greene\">www.lowenstein.com\/people\/attorneys\/nathan-greene<\/a><\/span>) proporcion\u00f3 sus servicios de forma gratuita. Sin este apoyo, habr\u00eda sido demasiado caro para Bryan pagar por una patente que podr\u00eda no haber dado resultado.<\/p><p>Lowenstein Sandler es una firma de abogados nacional con m\u00e1s de 350 abogados con sede en Nueva York, Palo Alto, Nueva Jersey, Utah y Washington, D.C. La firma representa a l\u00edderes en pr\u00e1cticamente todos los sectores de la econom\u00eda global, con especial \u00e9nfasis en fondos de inversi\u00f3n, ciencias de la vida y tecnolog\u00eda.<\/p><p>La oficina de Utah ayud\u00f3 a Bryan con el proceso de patente para su invenci\u00f3n. Esta oficina ha mantenido una estrecha colaboraci\u00f3n con Mi Casa a trav\u00e9s del voluntariado en el programa ProBoPat desde enero de 2017. Estas colaboraciones ahorran costos enormes para los inventores de bajos ingresos en la regi\u00f3n de Rocky Mountain y son vitales para la misi\u00f3n del programa. Sin estos esfuerzos, muchos inventores no podr\u00edan proteger su propiedad intelectual.<\/p><p>Frances Williams, Directora Senior de Pathways en Mi Casa Resource Center, dijo: \"Creemos que esta es la primera de muchas historias de \u00e9xito para Bryan. Estamos orgullosos de brindar apoyo a los inventores, permiti\u00e9ndoles la oportunidad de contribuir a sus comunidades como empleadores y due\u00f1os de negocios a largo plazo. Mi Casa proporciona servicios a individuos en todas las etapas del emprendimiento, ayud\u00e1ndoles en todo el ciclo empresarial. Continuaremos fomentando una cancha pareja para los emprendedores, porque ninguna gran idea debe ser restringida por la falta de recursos\".<\/p><p>Bryan espera que MagTrax tenga un impacto positivo en millones de personas. Quiere que MagTrax est\u00e9 en todos los hogares, escuelas y oficinas, y espera que este sea el primero de muchos emprendimientos. Aunque el desaf\u00edo de crear este producto y su negocio ha empujado sus l\u00edmites, dijo que el arduo trabajo \"vali\u00f3 la pena\" cuando entreg\u00f3 personalmente los \u00faltimos 10 pedidos de kits de MagTrax a familias ansiosas dos d\u00edas antes del d\u00eda de Navidad en 2020. Ahora, casi dos a\u00f1os despu\u00e9s de su concepci\u00f3n como idea, MagTrax ha seguido experimentando un emocionante crecimiento. Bryan dice que puede descansar tranquilo sabiendo que el producto y el negocio por los cuales ha sacrificado tanto para construir tendr\u00e1n la protecci\u00f3n legal que necesita para seguir creciendo gracias a ProBoPat.<\/p><p><span style=\"text-decoration: underline;\"><a href=\"https:\/\/micasaresourcecenter.org\/probopat\/\">Aprende m\u00e1s sobre ProBoPat aqu\u00ed<\/a>.<\/span><\/p><\/div>\n\t\t\t\t<\/div>\n\t\t\t\t\t\t\t\t<\/div>\n\t\t\t\t\t\t<\/div>\n\t\t\t\t<\/div>\n\t\t\t\t\t<\/div>\n\t\t<\/div>\n\t\t\t\t<div class=\"elementor-column elementor-col-50 elementor-top-column elementor-element elementor-element-b33a83e\" data-id=\"b33a83e\" data-element_type=\"column\" data-e-type=\"column\">\n\t\t\t<div class=\"elementor-widget-wrap elementor-element-populated\">\n\t\t\t\t\t\t<div class=\"elementor-element elementor-element-72b2cb6 elementor-widget elementor-widget-image\" data-id=\"72b2cb6\" data-element_type=\"widget\" data-e-type=\"widget\" data-widget_type=\"image.default\">\n\t\t\t\t<div class=\"elementor-widget-container\">\n\t\t\t\t\t\t\t\t\t\t\t\t\t\t\t<img decoding=\"async\" width=\"400\" height=\"225\" src=\"https:\/\/micasaresourcecenter.org\/wp-content\/uploads\/2022\/11\/rsw_400cg_truem.webp\" class=\"attachment-large size-large wp-image-5742\" alt=\"\" srcset=\"https:\/\/micasaresourcecenter.org\/wp-content\/uploads\/2022\/11\/rsw_400cg_truem.webp 400w, https:\/\/micasaresourcecenter.org\/wp-content\/uploads\/2022\/11\/rsw_400cg_truem-300x169.webp 300w\" sizes=\"(max-width: 400px) 100vw, 400px\" \/>\t\t\t\t\t\t\t\t\t\t\t\t\t\t\t<\/div>\n\t\t\t\t<\/div>\n\t\t\t\t\t<\/div>\n\t\t<\/div>\n\t\t\t\t\t<\/div>\n\t\t<\/section>\n\t\t\t\t<\/div>","protected":false},"excerpt":{"rendered":"<p>We are advancing economic prosperity of the community and believe in the potential of the people Mi Casa Resource Center\u00ae is committed to closing the prosperity gap for women, minorities, [&hellip;]<\/p>\n","protected":false},"author":1,"featured_media":0,"parent":0,"menu_order":0,"comment_status":"closed","ping_status":"closed","template":"elementor_header_footer","meta":{"_price":"","_stock":"","_tribe_ticket_header":"","_tribe_default_ticket_provider":"","_ticket_start_date":"","_ticket_end_date":"","_tribe_ticket_show_description":"","_tribe_ticket_show_not_going":false,"_tribe_ticket_use_global_stock":"","_tribe_ticket_global_stock_level":"","_global_stock_mode":"","_global_stock_cap":"","_tribe_rsvp_for_event":"","_tribe_ticket_going_count":"","_tribe_ticket_not_going_count":"","_tribe_tickets_list":"[]","_tribe_ticket_has_attendee_info_fields":false,"_EventAllDay":false,"_EventTimezone":"","_EventStartDate":"","_EventEndDate":"","_EventStartDateUTC":"","_EventEndDateUTC":"","_EventShowMap":false,"_EventShowMapLink":false,"_EventURL":"","_EventCost":"","_EventCostDescription":"","_EventCurrencySymbol":"","_EventCurrencyCode":"","_EventCurrencyPosition":"","_EventDateTimeSeparator":"","_EventTimeRangeSeparator":"","_EventOrganizerID":[],"_EventVenueID":[],"_OrganizerEmail":"","_OrganizerPhone":"","_OrganizerWebsite":"","_VenueAddress":"","_VenueCity":"","_VenueCountry":"","_VenueProvince":"","_VenueState":"","_VenueZip":"","_VenuePhone":"","_VenueURL":"","_VenueStateProvince":"","_VenueLat":"","_VenueLng":"","_VenueShowMap":false,"_VenueShowMapLink":false,"_tribe_blocks_recurrence_rules":"","_tribe_blocks_recurrence_description":"","_tribe_blocks_recurrence_exclusions":"","footnotes":"","_tec_slr_enabled":"","_tec_slr_layout":""},"class_list":["post-30","page","type-page","status-publish","hentry"],"ticketed":false,"_links":{"self":[{"href":"https:\/\/micasaresourcecenter.org\/es\/wp-json\/wp\/v2\/pages\/30","targetHints":{"allow":["GET"]}}],"collection":[{"href":"https:\/\/micasaresourcecenter.org\/es\/wp-json\/wp\/v2\/pages"}],"about":[{"href":"https:\/\/micasaresourcecenter.org\/es\/wp-json\/wp\/v2\/types\/page"}],"author":[{"embeddable":true,"href":"https:\/\/micasaresourcecenter.org\/es\/wp-json\/wp\/v2\/users\/1"}],"replies":[{"embeddable":true,"href":"https:\/\/micasaresourcecenter.org\/es\/wp-json\/wp\/v2\/comments?post=30"}],"version-history":[{"count":0,"href":"https:\/\/micasaresourcecenter.org\/es\/wp-json\/wp\/v2\/pages\/30\/revisions"}],"wp:attachment":[{"href":"https:\/\/micasaresourcecenter.org\/es\/wp-json\/wp\/v2\/media?parent=30"}],"curies":[{"name":"wp","href":"https:\/\/api.w.org\/{rel}","templated":true}]}}